{"id":1617,"date":"2019-07-08T15:29:23","date_gmt":"2019-07-08T13:29:23","guid":{"rendered":"http:\/\/www.cechzlatnikov.sk\/?page_id=1617"},"modified":"2019-12-30T10:25:59","modified_gmt":"2019-12-30T09:25:59","slug":"vernisaz-karatove-duse","status":"publish","type":"page","link":"http:\/\/www.cechzlatnikov.sk\/en\/vernisaz-karatove-duse\/","title":{"rendered":"(Slovensky) Vernis\u00e1\u017e KAR\u00c1TOV\u00c9 DU\u0160E"},"content":{"rendered":"<p class=\"qtranxs-available-languages-message qtranxs-available-languages-message-en\">Sorry, this entry is only available in <a href=\"http:\/\/www.cechzlatnikov.sk\/sk\/wp-json\/wp\/v2\/pages\/1617\" class=\"qtranxs-available-language-link qtranxs-available-language-link-sk\" title=\"Slovensky\">Slovak<\/a>.<\/p>","protected":false},"excerpt":{"rendered":"<p>Sorry, this entry is only available in Slovak.<\/p>\n","protected":false},"author":1,"featured_media":0,"parent":0,"menu_order":0,"comment_status":"closed","ping_status":"closed","template":"","meta":[],"aioseo_notices":[],"_links":{"self":[{"href":"http:\/\/www.cechzlatnikov.sk\/en\/wp-json\/wp\/v2\/pages\/1617"}],"collection":[{"href":"http:\/\/www.cechzlatnikov.sk\/en\/wp-json\/wp\/v2\/pages"}],"about":[{"href":"http:\/\/www.cechzlatnikov.sk\/en\/wp-json\/wp\/v2\/types\/page"}],"author":[{"embeddable":true,"href":"http:\/\/www.cechzlatnikov.sk\/en\/wp-json\/wp\/v2\/users\/1"}],"replies":[{"embeddable":true,"href":"http:\/\/www.cechzlatnikov.sk\/en\/wp-json\/wp\/v2\/comments?post=1617"}],"version-history":[{"count":15,"href":"http:\/\/www.cechzlatnikov.sk\/en\/wp-json\/wp\/v2\/pages\/1617\/revisions"}],"predecessor-version":[{"id":1772,"href":"http:\/\/www.cechzlatnikov.sk\/en\/wp-json\/wp\/v2\/pages\/1617\/revisions\/1772"}],"wp:attachment":[{"href":"http:\/\/www.cechzlatnikov.sk\/en\/wp-json\/wp\/v2\/media?parent=1617"}],"curies":[{"name":"wp","href":"https:\/\/api.w.org\/{rel}","templated":true}]}}