{"id":1507,"date":"2018-08-21T17:44:30","date_gmt":"2018-08-21T15:44:30","guid":{"rendered":"http:\/\/www.cechzlatnikov.sk\/?page_id=1507"},"modified":"2018-08-21T17:54:52","modified_gmt":"2018-08-21T15:54:52","slug":"studentsky-sperk-2017","status":"publish","type":"page","link":"http:\/\/www.cechzlatnikov.sk\/en\/studentsky-sperk-2017\/","title":{"rendered":"(Slovensky) \u0160tudentsk\u00fd \u0161perk 2017"},"content":{"rendered":"<p class=\"qtranxs-available-languages-message qtranxs-available-languages-message-en\">Sorry, this entry is only available in <a href=\"http:\/\/www.cechzlatnikov.sk\/sk\/wp-json\/wp\/v2\/pages\/1507\" class=\"qtranxs-available-language-link qtranxs-available-language-link-sk\" title=\"Slovensky\">Slovak<\/a>.<\/p>","protected":false},"excerpt":{"rendered":"<p>Sorry, this entry is only available in Slovak.<\/p>\n","protected":false},"author":1,"featured_media":0,"parent":0,"menu_order":0,"comment_status":"closed","ping_status":"closed","template":"","meta":[],"aioseo_notices":[],"_links":{"self":[{"href":"http:\/\/www.cechzlatnikov.sk\/en\/wp-json\/wp\/v2\/pages\/1507"}],"collection":[{"href":"http:\/\/www.cechzlatnikov.sk\/en\/wp-json\/wp\/v2\/pages"}],"about":[{"href":"http:\/\/www.cechzlatnikov.sk\/en\/wp-json\/wp\/v2\/types\/page"}],"author":[{"embeddable":true,"href":"http:\/\/www.cechzlatnikov.sk\/en\/wp-json\/wp\/v2\/users\/1"}],"replies":[{"embeddable":true,"href":"http:\/\/www.cechzlatnikov.sk\/en\/wp-json\/wp\/v2\/comments?post=1507"}],"version-history":[{"count":2,"href":"http:\/\/www.cechzlatnikov.sk\/en\/wp-json\/wp\/v2\/pages\/1507\/revisions"}],"predecessor-version":[{"id":1528,"href":"http:\/\/www.cechzlatnikov.sk\/en\/wp-json\/wp\/v2\/pages\/1507\/revisions\/1528"}],"wp:attachment":[{"href":"http:\/\/www.cechzlatnikov.sk\/en\/wp-json\/wp\/v2\/media?parent=1507"}],"curies":[{"name":"wp","href":"https:\/\/api.w.org\/{rel}","templated":true}]}}