{"id":1115,"date":"2016-02-18T20:42:29","date_gmt":"2016-02-18T19:42:29","guid":{"rendered":"http:\/\/www.cechzlatnikov.sk\/?page_id=1115"},"modified":"2018-02-19T15:11:57","modified_gmt":"2018-02-19T14:11:57","slug":"vernisaz-galeria-umelka-2015","status":"publish","type":"page","link":"http:\/\/www.cechzlatnikov.sk\/en\/vernisaz-galeria-umelka-2015\/","title":{"rendered":"(Slovensky) Vernis\u00e1\u017e Gal\u00e9ria umelka 2015"},"content":{"rendered":"<p class=\"qtranxs-available-languages-message qtranxs-available-languages-message-en\">Sorry, this entry is only available in <a href=\"http:\/\/www.cechzlatnikov.sk\/sk\/wp-json\/wp\/v2\/pages\/1115\" class=\"qtranxs-available-language-link qtranxs-available-language-link-sk\" title=\"Slovensky\">Slovak<\/a>.<\/p>","protected":false},"excerpt":{"rendered":"<p>Sorry, this entry is only available in Slovak.<\/p>\n","protected":false},"author":1,"featured_media":0,"parent":0,"menu_order":0,"comment_status":"open","ping_status":"closed","template":"","meta":[],"aioseo_notices":[],"_links":{"self":[{"href":"http:\/\/www.cechzlatnikov.sk\/en\/wp-json\/wp\/v2\/pages\/1115"}],"collection":[{"href":"http:\/\/www.cechzlatnikov.sk\/en\/wp-json\/wp\/v2\/pages"}],"about":[{"href":"http:\/\/www.cechzlatnikov.sk\/en\/wp-json\/wp\/v2\/types\/page"}],"author":[{"embeddable":true,"href":"http:\/\/www.cechzlatnikov.sk\/en\/wp-json\/wp\/v2\/users\/1"}],"replies":[{"embeddable":true,"href":"http:\/\/www.cechzlatnikov.sk\/en\/wp-json\/wp\/v2\/comments?post=1115"}],"version-history":[{"count":20,"href":"http:\/\/www.cechzlatnikov.sk\/en\/wp-json\/wp\/v2\/pages\/1115\/revisions"}],"predecessor-version":[{"id":1479,"href":"http:\/\/www.cechzlatnikov.sk\/en\/wp-json\/wp\/v2\/pages\/1115\/revisions\/1479"}],"wp:attachment":[{"href":"http:\/\/www.cechzlatnikov.sk\/en\/wp-json\/wp\/v2\/media?parent=1115"}],"curies":[{"name":"wp","href":"https:\/\/api.w.org\/{rel}","templated":true}]}}